{"id":11845,"date":"2025-04-10T08:12:31","date_gmt":"2025-04-10T08:12:31","guid":{"rendered":"https:\/\/porodowelove.pl\/?post_type=product&#038;p=11845"},"modified":"2025-04-10T08:27:43","modified_gmt":"2025-04-10T08:27:43","slug":"porada-laktacyjna-wizyta","status":"publish","type":"product","link":"https:\/\/porodowelove.pl\/index.php\/produkt\/porada-laktacyjna-wizyta\/","title":{"rendered":"Porada laktacyjna &#8211; Wizyta"},"content":{"rendered":"<p>WIZYTA OBEJMUJE:<br \/>\nwywiad i ocen\u0119 stanu zdrowia matki<br \/>\nbadanie piersi<br \/>\nobserwacj\u0119 i badanie dziecka<br \/>\nocen\u0119 funkcji ssana i przebiegu karmienia<br \/>\nrozpoznanie problemu oraz zalecenia<br \/>\nPrzed wizyt\u0105 warto pamieta\u0107 o:<br \/>\nzabraniu ksi\u0105\u017ceczki zdrowia dziecka<br \/>\nzadbaniu o obecno\u015b\u0107 partnera przy wizycie (partner pomo\u017ce Ci zaj\u0105\u0107 si\u0119 dzieckiem podczas wywiadu i badania oraz dowie si\u0119 od doradcy jak Ci pom\u00f3c podczas karmienia)<\/p>\n","protected":false},"excerpt":{"rendered":"<p>WIZYTA OBEJMUJE: wywiad i ocen\u0119 stanu zdrowia matki badanie piersi obserwacj\u0119 i badanie dziecka ocen\u0119 funkcji ssana i przebiegu karmienia rozpoznanie problemu oraz zalecenia Przed wizyt\u0105 warto pamieta\u0107 o: zabraniu ksi\u0105\u017ceczki zdrowia dziecka zadbaniu o obecno\u015b\u0107 partnera przy wizycie (partner pomo\u017ce Ci zaj\u0105\u0107 si\u0119 dzieckiem&#8230;<\/p>\n","protected":false},"featured_media":11850,"comment_status":"open","ping_status":"closed","template":"","meta":[],"product_brand":[],"product_cat":[118],"product_tag":[],"class_list":{"0":"post-11845","1":"product","2":"type-product","3":"status-publish","4":"has-post-thumbnail","6":"product_cat-uslugi","8":"first","9":"instock","10":"virtual","11":"purchasable","12":"product-type-simple"},"_links":{"self":[{"href":"https:\/\/porodowelove.pl\/index.php\/wp-json\/wp\/v2\/product\/11845","targetHints":{"allow":["GET"]}}],"collection":[{"href":"https:\/\/porodowelove.pl\/index.php\/wp-json\/wp\/v2\/product"}],"about":[{"href":"https:\/\/porodowelove.pl\/index.php\/wp-json\/wp\/v2\/types\/product"}],"replies":[{"embeddable":true,"href":"https:\/\/porodowelove.pl\/index.php\/wp-json\/wp\/v2\/comments?post=11845"}],"wp:featuredmedia":[{"embeddable":true,"href":"https:\/\/porodowelove.pl\/index.php\/wp-json\/wp\/v2\/media\/11850"}],"wp:attachment":[{"href":"https:\/\/porodowelove.pl\/index.php\/wp-json\/wp\/v2\/media?parent=11845"}],"wp:term":[{"taxonomy":"product_brand","embeddable":true,"href":"https:\/\/porodowelove.pl\/index.php\/wp-json\/wp\/v2\/product_brand?post=11845"},{"taxonomy":"product_cat","embeddable":true,"href":"https:\/\/porodowelove.pl\/index.php\/wp-json\/wp\/v2\/product_cat?post=11845"},{"taxonomy":"product_tag","embeddable":true,"href":"https:\/\/porodowelove.pl\/index.php\/wp-json\/wp\/v2\/product_tag?post=11845"}],"curies":[{"name":"wp","href":"https:\/\/api.w.org\/{rel}","templated":true}]}}