{"id":11844,"date":"2025-04-10T08:10:43","date_gmt":"2025-04-10T08:10:43","guid":{"rendered":"https:\/\/porodowelove.pl\/?post_type=product&#038;p=11844"},"modified":"2025-04-10T08:14:07","modified_gmt":"2025-04-10T08:14:07","slug":"chustonoszenie-zajecia-indywidualne-lub-grupowe-max-3-pary","status":"publish","type":"product","link":"https:\/\/porodowelove.pl\/index.php\/produkt\/chustonoszenie-zajecia-indywidualne-lub-grupowe-max-3-pary\/","title":{"rendered":"Chustonoszenie &#8211; Zaj\u0119cia grupowe (max. 3 pary)"},"content":{"rendered":"<p>Warsztat dla rodzic\u00f3w z dzie\u0107mi od pierwszego dnia \u017cycia. Podczas zaj\u0119\u0107 z doradc\u0105 chustonoszenia nauczysz si\u0119 nie tylko jak mota\u0107 swoje dziecko i nada\u0107 mu prawid\u0142ow\u0105 pozycj\u0119, ale r\u00f3wnie\u017c pomo\u017cemy Ci dobra\u0107 odpowiedni\u0105 chust\u0119.<\/p>\n","protected":false},"excerpt":{"rendered":"<p>Warsztat dla rodzic\u00f3w z dzie\u0107mi od pierwszego dnia \u017cycia. Podczas zaj\u0119\u0107 z doradc\u0105 chustonoszenia nauczysz si\u0119 nie tylko jak mota\u0107 swoje dziecko i nada\u0107 mu prawid\u0142ow\u0105 pozycj\u0119, ale r\u00f3wnie\u017c pomo\u017cemy Ci dobra\u0107 odpowiedni\u0105 chust\u0119.<\/p>\n","protected":false},"featured_media":3134,"comment_status":"open","ping_status":"closed","template":"","meta":[],"product_brand":[],"product_cat":[116],"product_tag":[],"class_list":{"0":"post-11844","1":"product","2":"type-product","3":"status-publish","4":"has-post-thumbnail","6":"product_cat-szkolenia","8":"first","9":"instock","10":"virtual","11":"purchasable","12":"product-type-simple"},"_links":{"self":[{"href":"https:\/\/porodowelove.pl\/index.php\/wp-json\/wp\/v2\/product\/11844","targetHints":{"allow":["GET"]}}],"collection":[{"href":"https:\/\/porodowelove.pl\/index.php\/wp-json\/wp\/v2\/product"}],"about":[{"href":"https:\/\/porodowelove.pl\/index.php\/wp-json\/wp\/v2\/types\/product"}],"replies":[{"embeddable":true,"href":"https:\/\/porodowelove.pl\/index.php\/wp-json\/wp\/v2\/comments?post=11844"}],"wp:featuredmedia":[{"embeddable":true,"href":"https:\/\/porodowelove.pl\/index.php\/wp-json\/wp\/v2\/media\/3134"}],"wp:attachment":[{"href":"https:\/\/porodowelove.pl\/index.php\/wp-json\/wp\/v2\/media?parent=11844"}],"wp:term":[{"taxonomy":"product_brand","embeddable":true,"href":"https:\/\/porodowelove.pl\/index.php\/wp-json\/wp\/v2\/product_brand?post=11844"},{"taxonomy":"product_cat","embeddable":true,"href":"https:\/\/porodowelove.pl\/index.php\/wp-json\/wp\/v2\/product_cat?post=11844"},{"taxonomy":"product_tag","embeddable":true,"href":"https:\/\/porodowelove.pl\/index.php\/wp-json\/wp\/v2\/product_tag?post=11844"}],"curies":[{"name":"wp","href":"https:\/\/api.w.org\/{rel}","templated":true}]}}