{"id":1361,"date":"2017-07-31T11:02:53","date_gmt":"2017-07-31T11:02:53","guid":{"rendered":"https:\/\/asc.mdrwal.pl\/home\/"},"modified":"2017-07-31T11:02:53","modified_gmt":"2017-07-31T11:02:53","slug":"home","status":"publish","type":"page","link":"https:\/\/porodowelove.pl\/index.php\/home\/","title":{"rendered":"Strona G\u0142\u00f3wna"},"content":{"rendered":"<style>\/*! elementor - v3.22.0 - 26-06-2024 *\/\n.elementor-column .elementor-spacer-inner{height:var(--spacer-size)}.e-con{--container-widget-width:100%}.e-con-inner>.elementor-widget-spacer,.e-con>.elementor-widget-spacer{width:var(--container-widget-width,var(--spacer-size));--align-self:var(--container-widget-align-self,initial);--flex-shrink:0}.e-con-inner>.elementor-widget-spacer>.elementor-widget-container,.e-con>.elementor-widget-spacer>.elementor-widget-container{height:100%;width:100%}.e-con-inner>.elementor-widget-spacer>.elementor-widget-container>.elementor-spacer,.e-con>.elementor-widget-spacer>.elementor-widget-container>.elementor-spacer{height:100%}.e-con-inner>.elementor-widget-spacer>.elementor-widget-container>.elementor-spacer>.elementor-spacer-inner,.e-con>.elementor-widget-spacer>.elementor-widget-container>.elementor-spacer>.elementor-spacer-inner{height:var(--container-widget-height,var(--spacer-size))}.e-con-inner>.elementor-widget-spacer.elementor-widget-empty,.e-con>.elementor-widget-spacer.elementor-widget-empty{position:relative;min-height:22px;min-width:22px}.e-con-inner>.elementor-widget-spacer.elementor-widget-empty .elementor-widget-empty-icon,.e-con>.elementor-widget-spacer.elementor-widget-empty .elementor-widget-empty-icon{position:absolute;top:0;bottom:0;left:0;right:0;margin:auto;padding:0;width:22px;height:22px}<\/style>\n<style>\/*! elementor - v3.22.0 - 26-06-2024 *\/\n.elementor-widget-image-box .elementor-image-box-content{width:100%}@media (min-width:768px){.elementor-widget-image-box.elementor-position-left .elementor-image-box-wrapper,.elementor-widget-image-box.elementor-position-right .elementor-image-box-wrapper{display:flex}.elementor-widget-image-box.elementor-position-right .elementor-image-box-wrapper{text-align:end;flex-direction:row-reverse}.elementor-widget-image-box.elementor-position-left .elementor-image-box-wrapper{text-align:start;flex-direction:row}.elementor-widget-image-box.elementor-position-top .elementor-image-box-img{margin:auto}.elementor-widget-image-box.elementor-vertical-align-top .elementor-image-box-wrapper{align-items:flex-start}.elementor-widget-image-box.elementor-vertical-align-middle .elementor-image-box-wrapper{align-items:center}.elementor-widget-image-box.elementor-vertical-align-bottom .elementor-image-box-wrapper{align-items:flex-end}}@media (max-width:767px){.elementor-widget-image-box .elementor-image-box-img{margin-left:auto!important;margin-right:auto!important;margin-bottom:15px}}.elementor-widget-image-box .elementor-image-box-img{display:inline-block}.elementor-widget-image-box .elementor-image-box-title a{color:inherit}.elementor-widget-image-box .elementor-image-box-wrapper{text-align:center}.elementor-widget-image-box .elementor-image-box-description{margin:0}<\/style>\n<h1>Prze\u017cyj z nami ten niezwyk\u0142y czas!<\/h1>\n<p>Akademia \u015awiadomej Ci\u0105\u017cy to nie tylko szko\u0142a rodzenia, nie tylko centrum porad po\u0142o\u017cniczych. To r\u00f3wnie\u017c miejsce spotkania, do kt\u00f3rego mo\u017cesz przyj\u015b\u0107, by poczu\u0107 si\u0119 przygarni\u0119ta i rozumiana.<\/p>\n<p>\t\t\t<a href=\"https:\/\/akademiaciazy.pl\/services\/\"><br \/>\n\t\t\t\t\t\t\t\t\toferta<br \/>\n\t\t\t\t\t<\/a><br \/>\n\t\t\t<a href=\"https:\/\/akademiaciazy.pl\/galeria\/\"><br \/>\n\t\t\t\t\t\t\t\t\tGALERIA<br \/>\n\t\t\t\t\t<\/a><br \/>\n\t\t\t<a href=\"http:\/\/porodowelove.pl\/wp-content\/uploads\/2024\/01\/plan.pdf\" target=\"_blank\" rel=\"noopener\"><br \/>\n\t\t\t\t\t\t\t\t\tPLAN PORODU<br \/>\n\t\t\t\t\t<\/a><\/p>\n<style>\/*! elementor - v3.22.0 - 26-06-2024 *\/\n.elementor-heading-title{padding:0;margin:0;line-height:1}.elementor-widget-heading .elementor-heading-title[class*=elementor-size-]>a{color:inherit;font-size:inherit;line-height:inherit}.elementor-widget-heading .elementor-heading-title.elementor-size-small{font-size:15px}.elementor-widget-heading .elementor-heading-title.elementor-size-medium{font-size:19px}.elementor-widget-heading .elementor-heading-title.elementor-size-large{font-size:29px}.elementor-widget-heading .elementor-heading-title.elementor-size-xl{font-size:39px}.elementor-widget-heading .elementor-heading-title.elementor-size-xxl{font-size:59px}<\/style>\n<h2>Ci\u0105\u017ca &#8211; pod sercem matki bije drugie, ma\u0142e serce.<\/h2>\n<p>Trudno wyobrazi\u0107 sobie bardziej niezwyk\u0142y czas w \u017cyciu kobiety. Dlatego tak wa\u017cne jest, aby prze\u017cy\u0107 go \u015bwiadomie, ciesz\u0105c si\u0119 w pe\u0142ni zbli\u017caj\u0105cymi si\u0119 narodzinami.&nbsp;Nasza Akademia powsta\u0142a z zachwytu nad cudem narodzin i z troski o kobiety w najdelikatniejszym momencie ich \u017cycia.<\/p>\n<style>\/*! elementor - v3.22.0 - 26-06-2024 *\/\n.elementor-widget-image{text-align:center}.elementor-widget-image a{display:inline-block}.elementor-widget-image a img[src$=\".svg\"]{width:48px}.elementor-widget-image img{vertical-align:middle;display:inline-block}<\/style>\n<p>\t\t\t\t\t\t\t\t\t\t<img loading=\"lazy\" decoding=\"async\" width=\"683\" height=\"1024\" src=\"https:\/\/akademiaciazy.pl\/wp-content\/uploads\/2024\/06\/Akademia-ciazy-18-683x1024.jpg\" alt=\"\" srcset=\"https:\/\/akademiaciazy.pl\/wp-content\/uploads\/2024\/06\/Akademia-ciazy-18-683x1024.jpg 683w, https:\/\/akademiaciazy.pl\/wp-content\/uploads\/2024\/06\/Akademia-ciazy-18-200x300.jpg 200w, https:\/\/akademiaciazy.pl\/wp-content\/uploads\/2024\/06\/Akademia-ciazy-18-768x1152.jpg 768w, https:\/\/akademiaciazy.pl\/wp-content\/uploads\/2024\/06\/Akademia-ciazy-18-1024x1536.jpg 1024w, https:\/\/akademiaciazy.pl\/wp-content\/uploads\/2024\/06\/Akademia-ciazy-18-1365x2048.jpg 1365w, http:\/\/porodowelove.pl\/wp-content\/uploads\/2024\/06\/Akademia-ciazy-18-scaled-1.jpg 1707w\" sizes=\"auto, (max-width: 683px) 100vw, 683px\" \/>\t\t\t\t\t\t\t\t\t\t\t\t\t<\/p>\n<h2>Nasz zesp\u00f3\u0142<\/h2>\n<p>Aneta, Agnieszka i Karolina \u2013 jeste\u015bmy kobietami jak ty, ale te\u017c po\u0142o\u017cnymi, pracuj\u0105cymi na Bloku Porodowym i za\u0142o\u017cycielkami Akademii \u015awiadomej Ci\u0105\u017cy. Jeste\u015bmy tu, aby dzieli\u0107 si\u0119 z Wami naszym do\u015bwiadczeniem, towarzyszy\u0107, rozwiewa\u0107 obawy, rozmawia\u0107.<\/p>\n<p>Zapraszamy Ci\u0119 do zapoznania si\u0119 z nasz\u0105 ofert\u0105 i do do\u0142\u0105czenia do naszej Akademii.<\/p>\n<p>\t\t\t<a href=\"https:\/\/akademiaciazy.pl\/about\/\"><br \/>\n\t\t\t\t\t\t\t\t\twi\u0119cej o nas<br \/>\n\t\t\t\t\t<\/a><\/p>\n<h2>galeria<\/h2>\n<style id=\"eael-fg-inline-css-c705a26\">@media only screen and (max-width: 2399px) {\n\t\t\t\t\t.elementor-element.elementor-element-c705a26 .eael-filterable-gallery-item-wrap {\n\t\t\t\t\t        width: 33.333333333333%;\n\t\t\t\t\t    }\n\t\t\t\t\t}@media only screen and (max-width: 1024px) {\n\t\t\t\t\t.elementor-element.elementor-element-c705a26  .eael-filterable-gallery-item-wrap {\n\t\t\t\t\t        width: 50%;\n\t\t\t\t\t    }\n\t\t\t\t\t}@media only screen and (max-width: 767px) {\n\t\t\t\t\t.elementor-element.elementor-element-c705a26  .eael-filterable-gallery-item-wrap {\n\t\t\t\t\t        width: 100%;\n\t\t\t\t\t    }\n\t\t\t\t\t}<\/style>\n<p>\t\t\t\t<img decoding=\"async\" src=\"http:\/\/porodowelove.pl\/wp-content\/uploads\/2023\/10\/IMG_0883-scaled-1.jpeg\" alt=\"\"><\/p>\n<h5>Przytulne wn\u0119trzne<\/h5>\n<p>Aby stworzy\u0107 dobr\u0105 atmosfer\u0119<\/p>\n<p><a href=\"http:\/\/porodowelove.pl\/wp-content\/uploads\/2023\/10\/IMG_0883-scaled-1.jpeg\" data-elementor-open-lightbox=\"yes\" title=\"\"><br \/>\n            <\/a><br \/>\n\t\t\t\t<img decoding=\"async\" src=\"http:\/\/porodowelove.pl\/wp-content\/uploads\/2023\/10\/IMG_0901-scaled-1.jpeg\" alt=\"\"><\/p>\n<h5>Profesjonalny sprz\u0119t<\/h5>\n<p>Do praktycznych \u0107wicze\u0144 z dzie\u0107mi<\/p>\n<p><a href=\"http:\/\/porodowelove.pl\/wp-content\/uploads\/2023\/10\/IMG_0901-scaled-1.jpeg\" data-elementor-open-lightbox=\"yes\" title=\"\"><br \/>\n            <\/a><br \/>\n\t\t\t\t<img decoding=\"async\" src=\"http:\/\/porodowelove.pl\/wp-content\/uploads\/2023\/10\/IMG_0894-scaled-1.jpeg\" alt=\"\"><\/p>\n<h5>Strefa sanitarna<\/h5>\n<p>Aby\u015bcie czuli si\u0119 komfortowo<\/p>\n<p><a href=\"http:\/\/porodowelove.pl\/wp-content\/uploads\/2023\/10\/IMG_0894-scaled-1.jpeg\" data-elementor-open-lightbox=\"yes\" title=\"\"><br \/>\n            <\/a><br \/>\n\t\t\t<a href=\"https:\/\/akademiaciazy.pl\/galeria\/\"><br \/>\n\t\t\t\t\t\t\t\t\tZobacz wi\u0119cej<br \/>\n\t\t\t\t\t<\/a><\/p>\n<h2>oferta<\/h2>\n<p>Nasza oferta obejmuje przygotowanie do porodu, indywidualn\u0105 opiek\u0119 po\u0142o\u017cnicz\u0105 w szpitalu podczas porodu jak r\u00f3wnie\u017c pomoc w okresie po\u0142ogu.<\/p>\n<p>\t\t\t<a href=\"https:\/\/akademiaciazy.pl\/services\/\"><br \/>\n\t\t\t\t\t\t\t\t\tszczeg\u00f3\u0142y<br \/>\n\t\t\t\t\t<\/a><br \/>\n\t\t\t<a href=\"https:\/\/akademiaciazy.pl\/portfolio\/\"><br \/>\n\t\t\t\t\t\t\t\t\tcennik<br \/>\n\t\t\t\t\t<\/a><\/p>\n","protected":false},"excerpt":{"rendered":"<p>Prze\u017cyj z nami ten niezwyk\u0142y czas! Akademia \u015awiadomej Ci\u0105\u017cy to nie tylko szko\u0142a rodzenia, nie tylko centrum porad po\u0142o\u017cniczych. To r\u00f3wnie\u017c miejsce spotkania, do kt\u00f3rego mo\u017cesz przyj\u015b\u0107, by poczu\u0107 si\u0119 przygarni\u0119ta i rozumiana. oferta GALERIA PLAN PORODU Ci\u0105\u017ca &#8211; pod sercem matki bije drugie, ma\u0142e&#8230;<\/p>\n","protected":false},"author":1,"featured_media":0,"parent":0,"menu_order":0,"comment_status":"closed","ping_status":"closed","template":"","meta":{"footnotes":""},"class_list":["post-1361","page","type-page","status-publish","hentry"],"_links":{"self":[{"href":"https:\/\/porodowelove.pl\/index.php\/wp-json\/wp\/v2\/pages\/1361","targetHints":{"allow":["GET"]}}],"collection":[{"href":"https:\/\/porodowelove.pl\/index.php\/wp-json\/wp\/v2\/pages"}],"about":[{"href":"https:\/\/porodowelove.pl\/index.php\/wp-json\/wp\/v2\/types\/page"}],"author":[{"embeddable":true,"href":"https:\/\/porodowelove.pl\/index.php\/wp-json\/wp\/v2\/users\/1"}],"replies":[{"embeddable":true,"href":"https:\/\/porodowelove.pl\/index.php\/wp-json\/wp\/v2\/comments?post=1361"}],"version-history":[{"count":0,"href":"https:\/\/porodowelove.pl\/index.php\/wp-json\/wp\/v2\/pages\/1361\/revisions"}],"wp:attachment":[{"href":"https:\/\/porodowelove.pl\/index.php\/wp-json\/wp\/v2\/media?parent=1361"}],"curies":[{"name":"wp","href":"https:\/\/api.w.org\/{rel}","templated":true}]}}